{"id":4165,"date":"2023-06-07T12:21:12","date_gmt":"2023-06-07T09:21:12","guid":{"rendered":"https:\/\/karpalogroup.fi\/DNR\/soderkullan-apteekki\/erbjudanden-1\/"},"modified":"2025-07-08T14:45:14","modified_gmt":"2025-07-08T11:45:14","slug":"alla-erbjudanden","status":"publish","type":"page","link":"https:\/\/www.soderkullanapteekki.fi\/sv\/alla-erbjudanden\/","title":{"rendered":"Erbjudanden"},"content":{"rendered":"\t\t<div data-elementor-type=\"wp-page\" data-elementor-id=\"4165\" class=\"elementor elementor-4165 elementor-4154\" data-elementor-post-type=\"page\">\n\t\t\t\t<div class=\"elementor-element elementor-element-6191116 e-flex e-con-boxed e-con e-parent\" data-id=\"6191116\" data-element_type=\"container\" data-e-type=\"container\">\n\t\t\t\t\t<div class=\"e-con-inner\">\n\t\t\t\t<div class=\"elementor-element elementor-element-134b020 elementor-widget elementor-widget-shortcode\" data-id=\"134b020\" data-element_type=\"widget\" data-e-type=\"widget\" data-widget_type=\"shortcode.default\">\n\t\t\t\t<div class=\"elementor-widget-container\">\n\t\t\t\t\t\t\t<div class=\"elementor-shortcode\"><div class=kaikki-tarjoukset><p>Avaintarjoukset voimassa t\u00e4m\u00e4n kuun loppuun<\/p>\n\t\t<article xmlns:foaf:=\"http:\/\/xmlnx.com\/foaf\/0.1\" xmlns:gr=\"http:\/\/purl.org\/goodrelations\/v1#\" xmlns:v=\"http:\/\/rdf.data-vocabulary.org\/#\" typeof=\"gr:Offering\" class=\"primus-tarjous\">\n\t\t\t<h2 property=\"gr:name\" class=\"fn\">BEKO STRONG B12 Vahva 120 tabl. tai Foolihappo+B6 150 tabl.<\/h2>\n\t\t\t<div class=\"tarjous-content\">\n\t\t\t\t<span property=\"gr:description\">\n<p>Muistin, hermoston ja vastustuskyvyn tueksi. Molemmat vahvuudet purutabletteina tai nielt\u00e4vin\u00e4 tabletteina<\/p>\n\n\n\n<p><em>Ravintolis\u00e4<\/em><\/p>\n\n\n\n<p><\/p>\n\n\n\n<p><\/p>\n\n\n\n<p><\/p>\n<\/span>\n\t\t\t\t<p class=\"pakkauskoko\"><\/p>\n\t\t\t\t<p rel=\"gr:hasPriceSpecification\">\n\t\t\t\t\t<span typeof=\"gr:UnitPriceSpecification\">\n\t\t\t\t\t\t<span class=\"tarjoushinta price\" property=\"gr:hasCurrencyValue\" content=\"26,90\">26,90<\/span>\n\t\t\t\t\t\t<span class='hintatyyppi' property='gr:hasCurrency' content='EUR'>\u20ac<\/span>\n\t\t\t\t\t\t<span class=\"normaalihinta\">(norm. 32,50 \u20ac)<\/span>\n\t\t\t\t\t<\/span>\n\t\t\t\t<\/p>\n\t\t\t<\/div>\n\t\t\t<span rel=\"foaf:depiction\" class=\"tuotekuva-span\">\n\t\t\t\t<img decoding=\"async\" src=\"https:\/\/avainapteekit.fi\/wp-content\/uploads\/2025\/05\/Bekostrong.png\" class=\"photo wp-post-image\">\n\t\t\t<\/span>\n\t\t<\/article>\n\t\t<article xmlns:foaf:=\"http:\/\/xmlnx.com\/foaf\/0.1\" xmlns:gr=\"http:\/\/purl.org\/goodrelations\/v1#\" xmlns:v=\"http:\/\/rdf.data-vocabulary.org\/#\" typeof=\"gr:Offering\" class=\"primus-tarjous\">\n\t\t\t<h2 property=\"gr:name\" class=\"fn\">BEROCCA ENERGY Orange tai Mango 45 poretabl.<\/h2>\n\t\t\t<div class=\"tarjous-content\">\n\t\t\t\t<span property=\"gr:description\">\n<p>Monivitamiini p\u00e4ivitt\u00e4iseen jaksamiseen ja hyvinvointiin.<\/p>\n\n\n\n<p><em>Ravintolis\u00e4<\/em><\/p>\n\n\n\n<p><\/p>\n<\/span>\n\t\t\t\t<p class=\"pakkauskoko\"><\/p>\n\t\t\t\t<p rel=\"gr:hasPriceSpecification\">\n\t\t\t\t\t<span typeof=\"gr:UnitPriceSpecification\">\n\t\t\t\t\t\t<span class=\"tarjoushinta price\" property=\"gr:hasCurrencyValue\" content=\"18,90\">18,90<\/span>\n\t\t\t\t\t\t<span class='hintatyyppi' property='gr:hasCurrency' content='EUR'>\u20ac<\/span>\n\t\t\t\t\t\t<span class=\"normaalihinta\">(norm. 23,05 \u20ac)<\/span>\n\t\t\t\t\t<\/span>\n\t\t\t\t<\/p>\n\t\t\t<\/div>\n\t\t\t<span rel=\"foaf:depiction\" class=\"tuotekuva-span\">\n\t\t\t\t<img decoding=\"async\" src=\"https:\/\/avainapteekit.fi\/wp-content\/uploads\/2025\/09\/Berocca45.png\" class=\"photo wp-post-image\">\n\t\t\t<\/span>\n\t\t<\/article>\n\t\t<article xmlns:foaf:=\"http:\/\/xmlnx.com\/foaf\/0.1\" xmlns:gr=\"http:\/\/purl.org\/goodrelations\/v1#\" xmlns:v=\"http:\/\/rdf.data-vocabulary.org\/#\" typeof=\"gr:Offering\" class=\"primus-tarjous\">\n\t\t\t<h2 property=\"gr:name\" class=\"fn\">PORE RATIOPHARM 10 poretabl.<\/h2>\n\t\t\t<div class=\"tarjous-content\">\n\t\t\t\t<span property=\"gr:description\">\n<p>Sitruunanmakuinen poretabletti sis\u00e4lt\u00e4\u00e4 glukoosia ja elektrolyyttej\u00e4.<\/p>\n\n\n\n<p><em>Ravintolis\u00e4<\/em><\/p>\n<\/span>\n\t\t\t\t<p class=\"pakkauskoko\"><\/p>\n\t\t\t\t<p rel=\"gr:hasPriceSpecification\">\n\t\t\t\t\t<span typeof=\"gr:UnitPriceSpecification\">\n\t\t\t\t\t\t<span class=\"tarjoushinta price\" property=\"gr:hasCurrencyValue\" content=\"11,90\">11,90<\/span>\n\t\t\t\t\t\t<span class='hintatyyppi' property='gr:hasCurrency' content='EUR'>\u20ac<\/span>\n\t\t\t\t\t\t<span class=\"normaalihinta\">(norm. 14,40 \u20ac)<\/span>\n\t\t\t\t\t<\/span>\n\t\t\t\t<\/p>\n\t\t\t<\/div>\n\t\t\t<span rel=\"foaf:depiction\" class=\"tuotekuva-span\">\n\t\t\t\t<img decoding=\"async\" src=\"https:\/\/avainapteekit.fi\/wp-content\/uploads\/2026\/04\/PoreRatiopharm_ilman_lasia.png\" class=\"photo wp-post-image\">\n\t\t\t<\/span>\n\t\t<\/article>\n\t\t<article xmlns:foaf:=\"http:\/\/xmlnx.com\/foaf\/0.1\" xmlns:gr=\"http:\/\/purl.org\/goodrelations\/v1#\" xmlns:v=\"http:\/\/rdf.data-vocabulary.org\/#\" typeof=\"gr:Offering\" class=\"primus-tarjous\">\n\t\t\t<h2 property=\"gr:name\" class=\"fn\">SEBAMED PESUNESTEET 300 ml tai t\u00e4ytt\u00f6pussit 400 ml<\/h2>\n\t\t\t<div class=\"tarjous-content\">\n\t\t\t\t<span property=\"gr:description\">\n<p>Riittoisat pesunesteet koko perheen p\u00e4ivitt\u00e4isiin pesuihin.<\/p>\n<\/span>\n\t\t\t\t<p class=\"pakkauskoko\"><\/p>\n\t\t\t\t<p rel=\"gr:hasPriceSpecification\">\n\t\t\t\t\t<span typeof=\"gr:UnitPriceSpecification\">\n\t\t\t\t\t\t<span class=\"tarjoushinta price\" property=\"gr:hasCurrencyValue\" content=\"7,90\">7,90<\/span>\n\t\t\t\t\t\t<span class='hintatyyppi' property='gr:hasCurrency' content='EUR'>\u20ac<\/span>\n\t\t\t\t\t\t<span class=\"normaalihinta\">(norm. 9,30 \u20ac)<\/span>\n\t\t\t\t\t<\/span>\n\t\t\t\t<\/p>\n\t\t\t<\/div>\n\t\t\t<span rel=\"foaf:depiction\" class=\"tuotekuva-span\">\n\t\t\t\t<img decoding=\"async\" src=\"https:\/\/avainapteekit.fi\/wp-content\/uploads\/2026\/04\/Sebamed.png\" class=\"photo wp-post-image\">\n\t\t\t<\/span>\n\t\t<\/article>\n\t\t<article xmlns:foaf:=\"http:\/\/xmlnx.com\/foaf\/0.1\" xmlns:gr=\"http:\/\/purl.org\/goodrelations\/v1#\" xmlns:v=\"http:\/\/rdf.data-vocabulary.org\/#\" typeof=\"gr:Offering\" class=\"primus-tarjous\">\n\t\t\t<h2 property=\"gr:name\" class=\"fn\">MELATONIINI ORION 1,9 mg 90 tai 100 tabl.<\/h2>\n\t\t\t<div class=\"tarjous-content\">\n\t\t\t\t<span property=\"gr:description\">\n<p>Melatoniini auttaa lyhent\u00e4m\u00e4\u00e4n nukahtamisaikaa ja lievitt\u00e4m\u00e4\u00e4naikaeron yksil\u00f6llisi\u00e4 vaikutuksia.<\/p>\n\n\n\n<p><em>Ravintolis\u00e4<\/em><\/p>\n\n\n\n<p><\/p>\n<\/span>\n\t\t\t\t<p class=\"pakkauskoko\"><\/p>\n\t\t\t\t<p rel=\"gr:hasPriceSpecification\">\n\t\t\t\t\t<span typeof=\"gr:UnitPriceSpecification\">\n\t\t\t\t\t\t<span class=\"tarjoushinta price\" property=\"gr:hasCurrencyValue\" content=\"21,90\">21,90<\/span>\n\t\t\t\t\t\t<span class='hintatyyppi' property='gr:hasCurrency' content='EUR'>\u20ac<\/span>\n\t\t\t\t\t\t<span class=\"normaalihinta\">(norm. 26,50 \u20ac)<\/span>\n\t\t\t\t\t<\/span>\n\t\t\t\t<\/p>\n\t\t\t<\/div>\n\t\t\t<span rel=\"foaf:depiction\" class=\"tuotekuva-span\">\n\t\t\t\t<img decoding=\"async\" src=\"https:\/\/avainapteekit.fi\/wp-content\/uploads\/2025\/10\/MelatoniiniOrion.png\" class=\"photo wp-post-image\">\n\t\t\t<\/span>\n\t\t<\/article>\n\t\t<article xmlns:foaf:=\"http:\/\/xmlnx.com\/foaf\/0.1\" xmlns:gr=\"http:\/\/purl.org\/goodrelations\/v1#\" xmlns:v=\"http:\/\/rdf.data-vocabulary.org\/#\" typeof=\"gr:Offering\" class=\"primus-tarjous\">\n\t\t\t<h2 property=\"gr:name\" class=\"fn\">HELEIN STRONG BIOTIN+, 60 tabl. ja COLLAGEN, 90 tabl.<\/h2>\n\t\t\t<div class=\"tarjous-content\">\n\t\t\t\t<span property=\"gr:description\">\n<p>Monipuolisessa kauneusravintolis\u00e4sarjassa on tutkitusti tehokkaat ainesosat.<br><br><em>Ravintolis\u00e4.<\/em><\/p>\n\n\n\n<p><\/p>\n<\/span>\n\t\t\t\t<p class=\"pakkauskoko\"><\/p>\n\t\t\t\t<p rel=\"gr:hasPriceSpecification\">\n\t\t\t\t\t<span typeof=\"gr:UnitPriceSpecification\">\n\t\t\t\t\t\t<span class=\"tarjoushinta price\" property=\"gr:hasCurrencyValue\" content=\"-15\">-15<\/span>\n\t\t\t\t\t\t<span class='hintatyyppi'>%<\/span>\n\t\t\t\t\t\t<span class=\"normaalihinta\"><\/span>\n\t\t\t\t\t<\/span>\n\t\t\t\t<\/p>\n\t\t\t<\/div>\n\t\t\t<span rel=\"foaf:depiction\" class=\"tuotekuva-span\">\n\t\t\t\t<img decoding=\"async\" src=\"https:\/\/avainapteekit.fi\/wp-content\/uploads\/2025\/12\/Helein.png\" class=\"photo wp-post-image\">\n\t\t\t<\/span>\n\t\t<\/article>\n\t\t<article xmlns:foaf:=\"http:\/\/xmlnx.com\/foaf\/0.1\" xmlns:gr=\"http:\/\/purl.org\/goodrelations\/v1#\" xmlns:v=\"http:\/\/rdf.data-vocabulary.org\/#\" typeof=\"gr:Offering\" class=\"primus-tarjous\">\n\t\t\t<h2 property=\"gr:name\" class=\"fn\">Yotuel All-in-one Snowmint tai Wintergreen 75 ml<\/h2>\n\t\t\t<div class=\"tarjous-content\">\n\t\t\t\t<span property=\"gr:description\">\n<p>Valkaiseva hammastahna, joka ei vahingoita kiillett\u00e4. P\u00e4ivitt\u00e4iseen k\u00e4ytt\u00f6\u00f6n.<\/p>\n<\/span>\n\t\t\t\t<p class=\"pakkauskoko\"><\/p>\n\t\t\t\t<p rel=\"gr:hasPriceSpecification\">\n\t\t\t\t\t<span typeof=\"gr:UnitPriceSpecification\">\n\t\t\t\t\t\t<span class=\"tarjoushinta price\" property=\"gr:hasCurrencyValue\" content=\"16,90\">16,90<\/span>\n\t\t\t\t\t\t<span class='hintatyyppi' property='gr:hasCurrency' content='EUR'>\u20ac<\/span>\n\t\t\t\t\t\t<span class=\"normaalihinta\">(norm. 21,05 \u20ac)<\/span>\n\t\t\t\t\t<\/span>\n\t\t\t\t<\/p>\n\t\t\t<\/div>\n\t\t\t<span rel=\"foaf:depiction\" class=\"tuotekuva-span\">\n\t\t\t\t<img decoding=\"async\" src=\"https:\/\/avainapteekit.fi\/wp-content\/uploads\/2023\/09\/Yotuel.png\" class=\"photo wp-post-image\">\n\t\t\t<\/span>\n\t\t<\/article>\n\t\t<article xmlns:foaf:=\"http:\/\/xmlnx.com\/foaf\/0.1\" xmlns:gr=\"http:\/\/purl.org\/goodrelations\/v1#\" xmlns:v=\"http:\/\/rdf.data-vocabulary.org\/#\" typeof=\"gr:Offering\" class=\"primus-tarjous\">\n\t\t\t<h2 property=\"gr:name\" class=\"fn\">AQUALAN L kes\u00e4tuubi 200 g<\/h2>\n\t\t\t<div class=\"tarjous-content\">\n\t\t\t\t<span property=\"gr:description\">\n<p>Kosteuttava ja monik\u00e4ytt\u00f6inen perusvoide koko perheelle.<\/p>\n\n\n\n<p><\/p>\n<\/span>\n\t\t\t\t<p class=\"pakkauskoko\"><\/p>\n\t\t\t\t<p rel=\"gr:hasPriceSpecification\">\n\t\t\t\t\t<span typeof=\"gr:UnitPriceSpecification\">\n\t\t\t\t\t\t<span class=\"tarjoushinta price\" property=\"gr:hasCurrencyValue\" content=\"8,90\">8,90<\/span>\n\t\t\t\t\t\t<span class='hintatyyppi' property='gr:hasCurrency' content='EUR'>\u20ac<\/span>\n\t\t\t\t\t\t<span class=\"normaalihinta\">(norm. 10,90 \u20ac)<\/span>\n\t\t\t\t\t<\/span>\n\t\t\t\t<\/p>\n\t\t\t<\/div>\n\t\t\t<span rel=\"foaf:depiction\" class=\"tuotekuva-span\">\n\t\t\t\t<img decoding=\"async\" src=\"https:\/\/avainapteekit.fi\/wp-content\/uploads\/2026\/04\/AqualanL.png\" class=\"photo wp-post-image\">\n\t\t\t<\/span>\n\t\t<\/article>\n\t\t<article xmlns:foaf:=\"http:\/\/xmlnx.com\/foaf\/0.1\" xmlns:gr=\"http:\/\/purl.org\/goodrelations\/v1#\" xmlns:v=\"http:\/\/rdf.data-vocabulary.org\/#\" typeof=\"gr:Offering\" class=\"primus-tarjous\">\n\t\t\t<h2 property=\"gr:name\" class=\"fn\">BEVITA EYE 10 ml tai 20&#215;0,5 ml tai silm\u00e4voide 5 g<\/h2>\n\t\t\t<div class=\"tarjous-content\">\n\t\t\t\t<span property=\"gr:description\">\n<p>Pitk\u00e4kestoisesti kosteuttavat tipat tai voide kuivien silmien oireiden hoitoon.<\/p>\n\n\n\n<p><em>CE-merkitty l\u00e4\u00e4kinn\u00e4llinen laite<\/em><\/p>\n\n\n\n<p><\/p>\n<\/span>\n\t\t\t\t<p class=\"pakkauskoko\"><\/p>\n\t\t\t\t<p rel=\"gr:hasPriceSpecification\">\n\t\t\t\t\t<span typeof=\"gr:UnitPriceSpecification\">\n\t\t\t\t\t\t<span class=\"tarjoushinta price\" property=\"gr:hasCurrencyValue\" content=\"-15\">-15<\/span>\n\t\t\t\t\t\t<span class='hintatyyppi'>%<\/span>\n\t\t\t\t\t\t<span class=\"normaalihinta\"><\/span>\n\t\t\t\t\t<\/span>\n\t\t\t\t<\/p>\n\t\t\t<\/div>\n\t\t\t<span rel=\"foaf:depiction\" class=\"tuotekuva-span\">\n\t\t\t\t<img decoding=\"async\" src=\"https:\/\/avainapteekit.fi\/wp-content\/uploads\/2025\/02\/BevitaEye.png\" class=\"photo wp-post-image\">\n\t\t\t<\/span>\n\t\t<\/article>\n\t\t<article xmlns:foaf:=\"http:\/\/xmlnx.com\/foaf\/0.1\" xmlns:gr=\"http:\/\/purl.org\/goodrelations\/v1#\" xmlns:v=\"http:\/\/rdf.data-vocabulary.org\/#\" typeof=\"gr:Offering\" class=\"primus-tarjous\">\n\t\t\t<h2 property=\"gr:name\" class=\"fn\">A-VITA HYDRA+ 20 ml<\/h2>\n\t\t\t<div class=\"tarjous-content\">\n\t\t\t\t<span property=\"gr:description\">\n<p>Kosteuttaa ja hoitaa nen\u00e4n limakalvoja tehokkaasti. Kuivuutta ja p\u00f6ly\u00e4 vastaan sek\u00e4 allergisen nuhan tukihoitoon.<\/p>\n\n\n\n<p><em>CE-merkitty l\u00e4\u00e4kinn\u00e4llinen laite<\/em><\/p>\n\n\n\n<p><\/p>\n<\/span>\n\t\t\t\t<p class=\"pakkauskoko\"><\/p>\n\t\t\t\t<p rel=\"gr:hasPriceSpecification\">\n\t\t\t\t\t<span typeof=\"gr:UnitPriceSpecification\">\n\t\t\t\t\t\t<span class=\"tarjoushinta price\" property=\"gr:hasCurrencyValue\" content=\"12,90\">12,90<\/span>\n\t\t\t\t\t\t<span class='hintatyyppi' property='gr:hasCurrency' content='EUR'>\u20ac<\/span>\n\t\t\t\t\t\t<span class=\"normaalihinta\">(norm. 15,60 \u20ac)<\/span>\n\t\t\t\t\t<\/span>\n\t\t\t\t<\/p>\n\t\t\t<\/div>\n\t\t\t<span rel=\"foaf:depiction\" class=\"tuotekuva-span\">\n\t\t\t\t<img decoding=\"async\" src=\"https:\/\/avainapteekit.fi\/wp-content\/uploads\/2022\/04\/A-vita.png\" class=\"photo wp-post-image\">\n\t\t\t<\/span>\n\t\t<\/article>\n\t\t<article xmlns:foaf:=\"http:\/\/xmlnx.com\/foaf\/0.1\" xmlns:gr=\"http:\/\/purl.org\/goodrelations\/v1#\" xmlns:v=\"http:\/\/rdf.data-vocabulary.org\/#\" typeof=\"gr:Offering\" class=\"primus-tarjous\">\n\t\t\t<h2 property=\"gr:name\" class=\"fn\">DEVISOL 20 mcg 230 tabl. kampanjapakkaus<\/h2>\n\t\t\t<div class=\"tarjous-content\">\n\t\t\t\t<span property=\"gr:description\">\n<p>D-vitamiinipurutabletti maistuu sitrukselle ja hajoaa helposti suussa.<\/p>\n\n\n\n<p><em>Ravintolis\u00e4<\/em><\/p>\n\n\n\n<p><\/p>\n<\/span>\n\t\t\t\t<p class=\"pakkauskoko\"><\/p>\n\t\t\t\t<p rel=\"gr:hasPriceSpecification\">\n\t\t\t\t\t<span typeof=\"gr:UnitPriceSpecification\">\n\t\t\t\t\t\t<span class=\"tarjoushinta price\" property=\"gr:hasCurrencyValue\" content=\"15,90\">15,90<\/span>\n\t\t\t\t\t\t<span class='hintatyyppi' property='gr:hasCurrency' content='EUR'>\u20ac<\/span>\n\t\t\t\t\t\t<span class=\"normaalihinta\">(norm. 18,75 \u20ac)<\/span>\n\t\t\t\t\t<\/span>\n\t\t\t\t<\/p>\n\t\t\t<\/div>\n\t\t\t<span rel=\"foaf:depiction\" class=\"tuotekuva-span\">\n\t\t\t\t<img decoding=\"async\" src=\"https:\/\/avainapteekit.fi\/wp-content\/uploads\/2025\/11\/Devisol-20.png\" class=\"photo wp-post-image\">\n\t\t\t<\/span>\n\t\t<\/article>\n\t\t<article xmlns:foaf:=\"http:\/\/xmlnx.com\/foaf\/0.1\" xmlns:gr=\"http:\/\/purl.org\/goodrelations\/v1#\" xmlns:v=\"http:\/\/rdf.data-vocabulary.org\/#\" typeof=\"gr:Offering\" class=\"primus-tarjous\">\n\t\t\t<h2 property=\"gr:name\" class=\"fn\">RELA 90 kpl<\/h2>\n\t\t\t<div class=\"tarjous-content\">\n\t\t\t\t<span property=\"gr:description\">\n<p>Koko perheen maitohappobakteerit erimakuisina tabletteina tai nielt\u00e4vin\u00e4 kapseleina. P\u00e4ivitt\u00e4iseen k\u00e4ytt\u00f6\u00f6n.<br><br><em>Ravintolis\u00e4.<\/em><\/p>\n\n\n\n<p><\/p>\n\n\n\n<p><\/p>\n\n\n\n<p><\/p>\n<\/span>\n\t\t\t\t<p class=\"pakkauskoko\"><\/p>\n\t\t\t\t<p rel=\"gr:hasPriceSpecification\">\n\t\t\t\t\t<span typeof=\"gr:UnitPriceSpecification\">\n\t\t\t\t\t\t<span class=\"tarjoushinta price\" property=\"gr:hasCurrencyValue\" content=\"25,90\">25,90<\/span>\n\t\t\t\t\t\t<span class='hintatyyppi' property='gr:hasCurrency' content='EUR'>\u20ac<\/span>\n\t\t\t\t\t\t<span class=\"normaalihinta\">(norm. 31,50 \u20ac)<\/span>\n\t\t\t\t\t<\/span>\n\t\t\t\t<\/p>\n\t\t\t<\/div>\n\t\t\t<span rel=\"foaf:depiction\" class=\"tuotekuva-span\">\n\t\t\t\t<img decoding=\"async\" src=\"https:\/\/avainapteekit.fi\/wp-content\/uploads\/2026\/02\/Rela.png\" class=\"photo wp-post-image\">\n\t\t\t<\/span>\n\t\t<\/article>\n\t\t<article xmlns:foaf:=\"http:\/\/xmlnx.com\/foaf\/0.1\" xmlns:gr=\"http:\/\/purl.org\/goodrelations\/v1#\" xmlns:v=\"http:\/\/rdf.data-vocabulary.org\/#\" typeof=\"gr:Offering\" class=\"primus-tarjous\">\n\t\t\t<h2 property=\"gr:name\" class=\"fn\">MINISUN MONIVITAMIINIT Extra vahva 90 tabl. tai Vahva 120 tabl.<\/h2>\n\t\t\t<div class=\"tarjous-content\">\n\t\t\t\t<span property=\"gr:description\">\n<p>Vahvat ja monipuoliset monivitamiinit.<\/p>\n\n\n\n<p><em>Ravintolis\u00e4<\/em><\/p>\n\n\n\n<p><\/p>\n<\/span>\n\t\t\t\t<p class=\"pakkauskoko\"><\/p>\n\t\t\t\t<p rel=\"gr:hasPriceSpecification\">\n\t\t\t\t\t<span typeof=\"gr:UnitPriceSpecification\">\n\t\t\t\t\t\t<span class=\"tarjoushinta price\" property=\"gr:hasCurrencyValue\" content=\"17,90\">17,90<\/span>\n\t\t\t\t\t\t<span class='hintatyyppi' property='gr:hasCurrency' content='EUR'>\u20ac<\/span>\n\t\t\t\t\t\t<span class=\"normaalihinta\">(norm. 22,55 \u20ac)<\/span>\n\t\t\t\t\t<\/span>\n\t\t\t\t<\/p>\n\t\t\t<\/div>\n\t\t\t<span rel=\"foaf:depiction\" class=\"tuotekuva-span\">\n\t\t\t\t<img decoding=\"async\" src=\"https:\/\/avainapteekit.fi\/wp-content\/uploads\/2026\/01\/Minisun.png\" class=\"photo wp-post-image\">\n\t\t\t<\/span>\n\t\t<\/article>\n\t\t<article xmlns:foaf:=\"http:\/\/xmlnx.com\/foaf\/0.1\" xmlns:gr=\"http:\/\/purl.org\/goodrelations\/v1#\" xmlns:v=\"http:\/\/rdf.data-vocabulary.org\/#\" typeof=\"gr:Offering\" class=\"primus-tarjous\">\n\t\t\t<h2 property=\"gr:name\" class=\"fn\">GUM SOFT-PICKS PRO 60 kpl<\/h2>\n\t\t\t<div class=\"tarjous-content\">\n\t\t\t\t<span property=\"gr:description\">\n<p>Hammasv\u00e4liharja puhdistaa hammasv\u00e4lit hell\u00e4varaisesti ja tehokkaasti. Koot S, M ja L.<\/p>\n<\/span>\n\t\t\t\t<p class=\"pakkauskoko\"><\/p>\n\t\t\t\t<p rel=\"gr:hasPriceSpecification\">\n\t\t\t\t\t<span typeof=\"gr:UnitPriceSpecification\">\n\t\t\t\t\t\t<span class=\"tarjoushinta price\" property=\"gr:hasCurrencyValue\" content=\"12,90\">12,90<\/span>\n\t\t\t\t\t\t<span class='hintatyyppi' property='gr:hasCurrency' content='EUR'>\u20ac<\/span>\n\t\t\t\t\t\t<span class=\"normaalihinta\">(norm. 15,50 \u20ac)<\/span>\n\t\t\t\t\t<\/span>\n\t\t\t\t<\/p>\n\t\t\t<\/div>\n\t\t\t<span rel=\"foaf:depiction\" class=\"tuotekuva-span\">\n\t\t\t\t<img decoding=\"async\" src=\"https:\/\/avainapteekit.fi\/wp-content\/uploads\/2025\/08\/Gum.png\" class=\"photo wp-post-image\">\n\t\t\t<\/span>\n\t\t<\/article><\/div><\/div>\n\t\t\t\t\t\t<\/div>\n\t\t\t\t<\/div>\n\t\t\t\t\t<\/div>\n\t\t\t\t<\/div>\n\t\t\t\t<\/div>\n\t\t","protected":false},"excerpt":{"rendered":"","protected":false},"author":1,"featured_media":0,"parent":0,"menu_order":0,"comment_status":"closed","ping_status":"closed","template":"","meta":{"_acf_changed":false,"footnotes":""},"class_list":["post-4165","page","type-page","status-publish","hentry"],"acf":[],"yoast_head":"<!-- This site is optimized with the Yoast SEO plugin v26.9 - https:\/\/yoast.com\/product\/yoast-seo-wordpress\/ -->\n<title>Erbjudanden &#8212; S\u00f6derkullan apteekki<\/title>\n<meta name=\"robots\" content=\"index, follow, max-snippet:-1, max-image-preview:large, max-video-preview:-1\" \/>\n<link rel=\"canonical\" href=\"https:\/\/www.soderkullanapteekki.fi\/sv\/alla-erbjudanden\/\" \/>\n<meta property=\"og:locale\" content=\"sv_SE\" \/>\n<meta property=\"og:type\" content=\"article\" \/>\n<meta property=\"og:title\" content=\"Erbjudanden &#8212; S\u00f6derkullan apteekki\" \/>\n<meta property=\"og:url\" content=\"https:\/\/www.soderkullanapteekki.fi\/sv\/alla-erbjudanden\/\" \/>\n<meta property=\"og:site_name\" content=\"S\u00f6derkullan apteekki\" \/>\n<meta property=\"article:publisher\" content=\"https:\/\/www.facebook.com\/1607983189416394\" \/>\n<meta property=\"article:modified_time\" content=\"2025-07-08T11:45:14+00:00\" \/>\n<meta property=\"og:image\" content=\"https:\/\/www.soderkullanapteekki.fi\/wp-content\/uploads\/2022\/11\/Soderkullan_apteekki_logo.png\" \/>\n\t<meta property=\"og:image:width\" content=\"1571\" \/>\n\t<meta property=\"og:image:height\" content=\"429\" \/>\n\t<meta property=\"og:image:type\" content=\"image\/png\" \/>\n<meta name=\"twitter:card\" content=\"summary_large_image\" \/>\n<script type=\"application\/ld+json\" class=\"yoast-schema-graph\">{\"@context\":\"https:\/\/schema.org\",\"@graph\":[{\"@type\":\"WebPage\",\"@id\":\"https:\/\/www.soderkullanapteekki.fi\/sv\/alla-erbjudanden\/\",\"url\":\"https:\/\/www.soderkullanapteekki.fi\/sv\/alla-erbjudanden\/\",\"name\":\"Erbjudanden &#8212; S\u00f6derkullan apteekki\",\"isPartOf\":{\"@id\":\"https:\/\/www.soderkullanapteekki.fi\/sv\/#website\"},\"datePublished\":\"2023-06-07T09:21:12+00:00\",\"dateModified\":\"2025-07-08T11:45:14+00:00\",\"inLanguage\":\"sv-SE\",\"potentialAction\":[{\"@type\":\"ReadAction\",\"target\":[\"https:\/\/www.soderkullanapteekki.fi\/sv\/alla-erbjudanden\/\"]}]},{\"@type\":\"WebSite\",\"@id\":\"https:\/\/www.soderkullanapteekki.fi\/sv\/#website\",\"url\":\"https:\/\/www.soderkullanapteekki.fi\/sv\/\",\"name\":\"S\u00f6derkullan apteekki\",\"description\":\"\",\"publisher\":{\"@id\":\"https:\/\/www.soderkullanapteekki.fi\/sv\/#organization\"},\"potentialAction\":[{\"@type\":\"SearchAction\",\"target\":{\"@type\":\"EntryPoint\",\"urlTemplate\":\"https:\/\/www.soderkullanapteekki.fi\/sv\/?s={search_term_string}\"},\"query-input\":{\"@type\":\"PropertyValueSpecification\",\"valueRequired\":true,\"valueName\":\"search_term_string\"}}],\"inLanguage\":\"sv-SE\"},{\"@type\":\"Organization\",\"@id\":\"https:\/\/www.soderkullanapteekki.fi\/sv\/#organization\",\"name\":\"S\u00f6derkullan apteekki\",\"url\":\"https:\/\/www.soderkullanapteekki.fi\/sv\/\",\"logo\":{\"@type\":\"ImageObject\",\"inLanguage\":\"sv-SE\",\"@id\":\"https:\/\/www.soderkullanapteekki.fi\/sv\/#\/schema\/logo\/image\/\",\"url\":\"https:\/\/karpalogroup.fi\/DNR\/soderkullan-apteekki\/wp-content\/uploads\/2022\/11\/Soderkullan_apteekki_logo.png\",\"contentUrl\":\"https:\/\/karpalogroup.fi\/DNR\/soderkullan-apteekki\/wp-content\/uploads\/2022\/11\/Soderkullan_apteekki_logo.png\",\"width\":1571,\"height\":429,\"caption\":\"S\u00f6derkullan apteekki\"},\"image\":{\"@id\":\"https:\/\/www.soderkullanapteekki.fi\/sv\/#\/schema\/logo\/image\/\"},\"sameAs\":[\"https:\/\/www.facebook.com\/1607983189416394\"]}]}<\/script>\n<!-- \/ Yoast SEO plugin. -->","yoast_head_json":{"title":"Erbjudanden &#8212; S\u00f6derkullan apteekki","robots":{"index":"index","follow":"follow","max-snippet":"max-snippet:-1","max-image-preview":"max-image-preview:large","max-video-preview":"max-video-preview:-1"},"canonical":"https:\/\/www.soderkullanapteekki.fi\/sv\/alla-erbjudanden\/","og_locale":"sv_SE","og_type":"article","og_title":"Erbjudanden &#8212; S\u00f6derkullan apteekki","og_url":"https:\/\/www.soderkullanapteekki.fi\/sv\/alla-erbjudanden\/","og_site_name":"S\u00f6derkullan apteekki","article_publisher":"https:\/\/www.facebook.com\/1607983189416394","article_modified_time":"2025-07-08T11:45:14+00:00","og_image":[{"width":1571,"height":429,"url":"https:\/\/www.soderkullanapteekki.fi\/wp-content\/uploads\/2022\/11\/Soderkullan_apteekki_logo.png","type":"image\/png"}],"twitter_card":"summary_large_image","schema":{"@context":"https:\/\/schema.org","@graph":[{"@type":"WebPage","@id":"https:\/\/www.soderkullanapteekki.fi\/sv\/alla-erbjudanden\/","url":"https:\/\/www.soderkullanapteekki.fi\/sv\/alla-erbjudanden\/","name":"Erbjudanden &#8212; S\u00f6derkullan apteekki","isPartOf":{"@id":"https:\/\/www.soderkullanapteekki.fi\/sv\/#website"},"datePublished":"2023-06-07T09:21:12+00:00","dateModified":"2025-07-08T11:45:14+00:00","inLanguage":"sv-SE","potentialAction":[{"@type":"ReadAction","target":["https:\/\/www.soderkullanapteekki.fi\/sv\/alla-erbjudanden\/"]}]},{"@type":"WebSite","@id":"https:\/\/www.soderkullanapteekki.fi\/sv\/#website","url":"https:\/\/www.soderkullanapteekki.fi\/sv\/","name":"S\u00f6derkullan apteekki","description":"","publisher":{"@id":"https:\/\/www.soderkullanapteekki.fi\/sv\/#organization"},"potentialAction":[{"@type":"SearchAction","target":{"@type":"EntryPoint","urlTemplate":"https:\/\/www.soderkullanapteekki.fi\/sv\/?s={search_term_string}"},"query-input":{"@type":"PropertyValueSpecification","valueRequired":true,"valueName":"search_term_string"}}],"inLanguage":"sv-SE"},{"@type":"Organization","@id":"https:\/\/www.soderkullanapteekki.fi\/sv\/#organization","name":"S\u00f6derkullan apteekki","url":"https:\/\/www.soderkullanapteekki.fi\/sv\/","logo":{"@type":"ImageObject","inLanguage":"sv-SE","@id":"https:\/\/www.soderkullanapteekki.fi\/sv\/#\/schema\/logo\/image\/","url":"https:\/\/karpalogroup.fi\/DNR\/soderkullan-apteekki\/wp-content\/uploads\/2022\/11\/Soderkullan_apteekki_logo.png","contentUrl":"https:\/\/karpalogroup.fi\/DNR\/soderkullan-apteekki\/wp-content\/uploads\/2022\/11\/Soderkullan_apteekki_logo.png","width":1571,"height":429,"caption":"S\u00f6derkullan apteekki"},"image":{"@id":"https:\/\/www.soderkullanapteekki.fi\/sv\/#\/schema\/logo\/image\/"},"sameAs":["https:\/\/www.facebook.com\/1607983189416394"]}]}},"_links":{"self":[{"href":"https:\/\/www.soderkullanapteekki.fi\/sv\/wp-json\/wp\/v2\/pages\/4165","targetHints":{"allow":["GET"]}}],"collection":[{"href":"https:\/\/www.soderkullanapteekki.fi\/sv\/wp-json\/wp\/v2\/pages"}],"about":[{"href":"https:\/\/www.soderkullanapteekki.fi\/sv\/wp-json\/wp\/v2\/types\/page"}],"author":[{"embeddable":true,"href":"https:\/\/www.soderkullanapteekki.fi\/sv\/wp-json\/wp\/v2\/users\/1"}],"replies":[{"embeddable":true,"href":"https:\/\/www.soderkullanapteekki.fi\/sv\/wp-json\/wp\/v2\/comments?post=4165"}],"version-history":[{"count":15,"href":"https:\/\/www.soderkullanapteekki.fi\/sv\/wp-json\/wp\/v2\/pages\/4165\/revisions"}],"predecessor-version":[{"id":4408,"href":"https:\/\/www.soderkullanapteekki.fi\/sv\/wp-json\/wp\/v2\/pages\/4165\/revisions\/4408"}],"wp:attachment":[{"href":"https:\/\/www.soderkullanapteekki.fi\/sv\/wp-json\/wp\/v2\/media?parent=4165"}],"curies":[{"name":"wp","href":"https:\/\/api.w.org\/{rel}","templated":true}]}}