{"id":3885,"date":"2023-04-25T12:38:35","date_gmt":"2023-04-25T09:38:35","guid":{"rendered":"https:\/\/karpalogroup.fi\/DNR\/soderkullan-apteekki\/?page_id=3885"},"modified":"2025-04-09T12:01:54","modified_gmt":"2025-04-09T09:01:54","slug":"soderpointti","status":"publish","type":"page","link":"https:\/\/www.soderkullanapteekki.fi\/sv\/soderpointti\/","title":{"rendered":"V\u00e4lkommen till S\u00f6derpointti!"},"content":{"rendered":"\t\t<div data-elementor-type=\"wp-page\" data-elementor-id=\"3885\" class=\"elementor elementor-3885 elementor-3839\" data-elementor-post-type=\"page\">\n\t\t\t\t<div class=\"elementor-element elementor-element-24c5f54 e-flex e-con-boxed e-con e-parent\" data-id=\"24c5f54\" data-element_type=\"container\" data-e-type=\"container\" data-settings=\"{&quot;background_background&quot;:&quot;classic&quot;}\">\n\t\t\t\t\t<div class=\"e-con-inner\">\n\t\t<div class=\"elementor-element elementor-element-9405325 e-con-full e-flex e-con e-child\" data-id=\"9405325\" data-element_type=\"container\" data-e-type=\"container\">\n\t\t\t\t<div class=\"elementor-element elementor-element-bf967d8 elementor-widget elementor-widget-text-editor\" data-id=\"bf967d8\" data-element_type=\"widget\" data-e-type=\"widget\" data-widget_type=\"text-editor.default\">\n\t\t\t\t<div class=\"elementor-widget-container\">\n\t\t\t\t\t\t\t\t\t<p>P\u00e5 apotekets S\u00f6derpointti-h\u00e4lsov\u00e5rdspunkt f\u00e5r du enkelt dina l\u00e4kemedelinjektioner,\u00a0 m\u00e4tningar och sm\u00e5 v\u00e5rd\u00e5tg\u00e4rder gjorda.<\/p><p>Att f\u00e5 sjuksk\u00f6tar- och apotekstj\u00e4nster under samma tak \u00e4r inte illa!<\/p><p>V\u00e5r sakkunniga sjuksk\u00f6tare betj\u00e4nar med tidsbest\u00e4llning.<\/p><p>Fr\u00e5ga mera p\u00e5 apoteket och reservera tid:<br \/>Tel. <span style=\"text-decoration: underline;\"><span style=\"color: #414343; text-decoration: underline;\"><a style=\"color: #414343; text-decoration: underline;\" href=\"tel:0451690167\">045 169 0167<\/a> <\/span><\/span>(lna\/mna)<\/p>\t\t\t\t\t\t\t\t<\/div>\n\t\t\t\t<\/div>\n\t\t\t\t<\/div>\n\t\t<div class=\"elementor-element elementor-element-d5c6aac e-con-full e-flex e-con e-child\" data-id=\"d5c6aac\" data-element_type=\"container\" data-e-type=\"container\">\n\t\t\t\t<div class=\"elementor-element elementor-element-6d18d9d elementor-widget-tablet__width-inherit elementor-widget elementor-widget-image\" data-id=\"6d18d9d\" data-element_type=\"widget\" data-e-type=\"widget\" data-widget_type=\"image.default\">\n\t\t\t\t<div class=\"elementor-widget-container\">\n\t\t\t\t\t\t\t\t\t\t\t\t\t\t\t<img fetchpriority=\"high\" decoding=\"async\" width=\"1024\" height=\"685\" src=\"https:\/\/www.soderkullanapteekki.fi\/wp-content\/uploads\/2023\/04\/soderpointti-1-1024x685.jpg\" class=\"attachment-large size-large wp-image-3880\" alt=\"S\u00f6derpointti\" srcset=\"https:\/\/www.soderkullanapteekki.fi\/wp-content\/uploads\/2023\/04\/soderpointti-1-1024x685.jpg 1024w, https:\/\/www.soderkullanapteekki.fi\/wp-content\/uploads\/2023\/04\/soderpointti-1-300x201.jpg 300w, https:\/\/www.soderkullanapteekki.fi\/wp-content\/uploads\/2023\/04\/soderpointti-1-768x514.jpg 768w, https:\/\/www.soderkullanapteekki.fi\/wp-content\/uploads\/2023\/04\/soderpointti-1-1536x1027.jpg 1536w, https:\/\/www.soderkullanapteekki.fi\/wp-content\/uploads\/2023\/04\/soderpointti-1.jpg 1827w\" sizes=\"(max-width: 1024px) 100vw, 1024px\" \/>\t\t\t\t\t\t\t\t\t\t\t\t\t\t\t<\/div>\n\t\t\t\t<\/div>\n\t\t\t\t<\/div>\n\t\t\t\t\t<\/div>\n\t\t\t\t<\/div>\n\t\t<div class=\"elementor-element elementor-element-d4104b8 e-flex e-con-boxed e-con e-parent\" data-id=\"d4104b8\" data-element_type=\"container\" data-e-type=\"container\">\n\t\t\t\t\t<div class=\"e-con-inner\">\n\t\t\t\t<div class=\"elementor-element elementor-element-72e97cb elementor-widget elementor-widget-heading\" data-id=\"72e97cb\" data-element_type=\"widget\" data-e-type=\"widget\" data-widget_type=\"heading.default\">\n\t\t\t\t<div class=\"elementor-widget-container\">\n\t\t\t\t\t<h2 class=\"elementor-heading-title elementor-size-default\">Reservera tid till h\u00e4lsov\u00e5rdspunkten\n<\/h2>\t\t\t\t<\/div>\n\t\t\t\t<\/div>\n\t\t\t\t<div class=\"elementor-element elementor-element-7a3cfe5 elementor-widget__width-inherit elementor-widget elementor-widget-html\" data-id=\"7a3cfe5\" data-element_type=\"widget\" data-e-type=\"widget\" data-widget_type=\"html.default\">\n\t\t\t\t<div class=\"elementor-widget-container\">\n\t\t\t\t\t<div id=\"nettivaraus6-container\"><\/div>\n<script type=\"text\/javascript\" src=\"https:\/\/nettivaraus6.ajas.fi\/scripts\/iframe-embed.php?lid=2690a79e342a&lang=sv\"><\/script>\n\t\t\t\t<\/div>\n\t\t\t\t<\/div>\n\t\t\t\t\t<\/div>\n\t\t\t\t<\/div>\n\t\t\t\t<\/div>\n\t\t","protected":false},"excerpt":{"rendered":"<p>P\u00e5 apotekets S\u00f6derpointti-h\u00e4lsov\u00e5rdspunkt f\u00e5r du enkelt dina l\u00e4kemedelinjektioner,\u00a0 m\u00e4tningar och sm\u00e5 v\u00e5rd\u00e5tg\u00e4rder gjorda. Att f\u00e5 sjuksk\u00f6tar- och apotekstj\u00e4nster under samma tak \u00e4r inte illa! V\u00e5r sakkunniga sjuksk\u00f6tare betj\u00e4nar med tidsbest\u00e4llning. Fr\u00e5ga mera p\u00e5 apoteket och reservera tid:Tel. 045 169 0167 (lna\/mna) Reservera tid till h\u00e4lsov\u00e5rdspunkten<\/p>\n","protected":false},"author":1,"featured_media":0,"parent":0,"menu_order":0,"comment_status":"closed","ping_status":"closed","template":"","meta":{"_acf_changed":false,"footnotes":""},"class_list":["post-3885","page","type-page","status-publish","hentry"],"acf":[],"yoast_head":"<!-- This site is optimized with the Yoast SEO plugin v26.9 - https:\/\/yoast.com\/product\/yoast-seo-wordpress\/ -->\n<title>S\u00f6derpointti &#8212; S\u00f6derkullan apteekki<\/title>\n<meta name=\"robots\" content=\"index, follow, max-snippet:-1, max-image-preview:large, max-video-preview:-1\" \/>\n<link rel=\"canonical\" href=\"https:\/\/www.soderkullanapteekki.fi\/sv\/soderpointti\/\" \/>\n<meta property=\"og:locale\" content=\"sv_SE\" \/>\n<meta property=\"og:type\" content=\"article\" \/>\n<meta property=\"og:title\" content=\"S\u00f6derpointti &#8212; S\u00f6derkullan apteekki\" \/>\n<meta property=\"og:description\" content=\"P\u00e5 apotekets S\u00f6derpointti-h\u00e4lsov\u00e5rdspunkt f\u00e5r du enkelt dina l\u00e4kemedelinjektioner,\u00a0 m\u00e4tningar och sm\u00e5 v\u00e5rd\u00e5tg\u00e4rder gjorda. Att f\u00e5 sjuksk\u00f6tar- och apotekstj\u00e4nster under samma tak \u00e4r inte illa! V\u00e5r sakkunniga sjuksk\u00f6tare betj\u00e4nar med tidsbest\u00e4llning. Fr\u00e5ga mera p\u00e5 apoteket och reservera tid:Tel. 045 169 0167 (lna\/mna) Reservera tid till h\u00e4lsov\u00e5rdspunkten\" \/>\n<meta property=\"og:url\" content=\"https:\/\/www.soderkullanapteekki.fi\/sv\/soderpointti\/\" \/>\n<meta property=\"og:site_name\" content=\"S\u00f6derkullan apteekki\" \/>\n<meta property=\"article:publisher\" content=\"https:\/\/www.facebook.com\/1607983189416394\" \/>\n<meta property=\"article:modified_time\" content=\"2025-04-09T09:01:54+00:00\" \/>\n<meta property=\"og:image\" content=\"https:\/\/www.soderkullanapteekki.fi\/wp-content\/uploads\/2023\/04\/soderpointti-1-1024x685.jpg\" \/>\n<meta name=\"twitter:card\" content=\"summary_large_image\" \/>\n<meta name=\"twitter:label1\" content=\"Ber\u00e4knad l\u00e4stid\" \/>\n\t<meta name=\"twitter:data1\" content=\"1 minut\" \/>\n<script type=\"application\/ld+json\" class=\"yoast-schema-graph\">{\"@context\":\"https:\/\/schema.org\",\"@graph\":[{\"@type\":\"WebPage\",\"@id\":\"https:\/\/www.soderkullanapteekki.fi\/sv\/soderpointti\/\",\"url\":\"https:\/\/www.soderkullanapteekki.fi\/sv\/soderpointti\/\",\"name\":\"S\u00f6derpointti &#8212; S\u00f6derkullan apteekki\",\"isPartOf\":{\"@id\":\"https:\/\/www.soderkullanapteekki.fi\/sv\/#website\"},\"primaryImageOfPage\":{\"@id\":\"https:\/\/www.soderkullanapteekki.fi\/sv\/soderpointti\/#primaryimage\"},\"image\":{\"@id\":\"https:\/\/www.soderkullanapteekki.fi\/sv\/soderpointti\/#primaryimage\"},\"thumbnailUrl\":\"https:\/\/www.soderkullanapteekki.fi\/wp-content\/uploads\/2023\/04\/soderpointti-1-1024x685.jpg\",\"datePublished\":\"2023-04-25T09:38:35+00:00\",\"dateModified\":\"2025-04-09T09:01:54+00:00\",\"inLanguage\":\"sv-SE\",\"potentialAction\":[{\"@type\":\"ReadAction\",\"target\":[\"https:\/\/www.soderkullanapteekki.fi\/sv\/soderpointti\/\"]}]},{\"@type\":\"ImageObject\",\"inLanguage\":\"sv-SE\",\"@id\":\"https:\/\/www.soderkullanapteekki.fi\/sv\/soderpointti\/#primaryimage\",\"url\":\"https:\/\/www.soderkullanapteekki.fi\/wp-content\/uploads\/2023\/04\/soderpointti-1-1024x685.jpg\",\"contentUrl\":\"https:\/\/www.soderkullanapteekki.fi\/wp-content\/uploads\/2023\/04\/soderpointti-1-1024x685.jpg\"},{\"@type\":\"WebSite\",\"@id\":\"https:\/\/www.soderkullanapteekki.fi\/sv\/#website\",\"url\":\"https:\/\/www.soderkullanapteekki.fi\/sv\/\",\"name\":\"S\u00f6derkullan apteekki\",\"description\":\"\",\"publisher\":{\"@id\":\"https:\/\/www.soderkullanapteekki.fi\/sv\/#organization\"},\"potentialAction\":[{\"@type\":\"SearchAction\",\"target\":{\"@type\":\"EntryPoint\",\"urlTemplate\":\"https:\/\/www.soderkullanapteekki.fi\/sv\/?s={search_term_string}\"},\"query-input\":{\"@type\":\"PropertyValueSpecification\",\"valueRequired\":true,\"valueName\":\"search_term_string\"}}],\"inLanguage\":\"sv-SE\"},{\"@type\":\"Organization\",\"@id\":\"https:\/\/www.soderkullanapteekki.fi\/sv\/#organization\",\"name\":\"S\u00f6derkullan apteekki\",\"url\":\"https:\/\/www.soderkullanapteekki.fi\/sv\/\",\"logo\":{\"@type\":\"ImageObject\",\"inLanguage\":\"sv-SE\",\"@id\":\"https:\/\/www.soderkullanapteekki.fi\/sv\/#\/schema\/logo\/image\/\",\"url\":\"https:\/\/karpalogroup.fi\/DNR\/soderkullan-apteekki\/wp-content\/uploads\/2022\/11\/Soderkullan_apteekki_logo.png\",\"contentUrl\":\"https:\/\/karpalogroup.fi\/DNR\/soderkullan-apteekki\/wp-content\/uploads\/2022\/11\/Soderkullan_apteekki_logo.png\",\"width\":1571,\"height\":429,\"caption\":\"S\u00f6derkullan apteekki\"},\"image\":{\"@id\":\"https:\/\/www.soderkullanapteekki.fi\/sv\/#\/schema\/logo\/image\/\"},\"sameAs\":[\"https:\/\/www.facebook.com\/1607983189416394\"]}]}<\/script>\n<!-- \/ Yoast SEO plugin. -->","yoast_head_json":{"title":"S\u00f6derpointti &#8212; S\u00f6derkullan apteekki","robots":{"index":"index","follow":"follow","max-snippet":"max-snippet:-1","max-image-preview":"max-image-preview:large","max-video-preview":"max-video-preview:-1"},"canonical":"https:\/\/www.soderkullanapteekki.fi\/sv\/soderpointti\/","og_locale":"sv_SE","og_type":"article","og_title":"S\u00f6derpointti &#8212; S\u00f6derkullan apteekki","og_description":"P\u00e5 apotekets S\u00f6derpointti-h\u00e4lsov\u00e5rdspunkt f\u00e5r du enkelt dina l\u00e4kemedelinjektioner,\u00a0 m\u00e4tningar och sm\u00e5 v\u00e5rd\u00e5tg\u00e4rder gjorda. Att f\u00e5 sjuksk\u00f6tar- och apotekstj\u00e4nster under samma tak \u00e4r inte illa! V\u00e5r sakkunniga sjuksk\u00f6tare betj\u00e4nar med tidsbest\u00e4llning. Fr\u00e5ga mera p\u00e5 apoteket och reservera tid:Tel. 045 169 0167 (lna\/mna) Reservera tid till h\u00e4lsov\u00e5rdspunkten","og_url":"https:\/\/www.soderkullanapteekki.fi\/sv\/soderpointti\/","og_site_name":"S\u00f6derkullan apteekki","article_publisher":"https:\/\/www.facebook.com\/1607983189416394","article_modified_time":"2025-04-09T09:01:54+00:00","og_image":[{"url":"https:\/\/www.soderkullanapteekki.fi\/wp-content\/uploads\/2023\/04\/soderpointti-1-1024x685.jpg","type":"","width":"","height":""}],"twitter_card":"summary_large_image","twitter_misc":{"Ber\u00e4knad l\u00e4stid":"1 minut"},"schema":{"@context":"https:\/\/schema.org","@graph":[{"@type":"WebPage","@id":"https:\/\/www.soderkullanapteekki.fi\/sv\/soderpointti\/","url":"https:\/\/www.soderkullanapteekki.fi\/sv\/soderpointti\/","name":"S\u00f6derpointti &#8212; S\u00f6derkullan apteekki","isPartOf":{"@id":"https:\/\/www.soderkullanapteekki.fi\/sv\/#website"},"primaryImageOfPage":{"@id":"https:\/\/www.soderkullanapteekki.fi\/sv\/soderpointti\/#primaryimage"},"image":{"@id":"https:\/\/www.soderkullanapteekki.fi\/sv\/soderpointti\/#primaryimage"},"thumbnailUrl":"https:\/\/www.soderkullanapteekki.fi\/wp-content\/uploads\/2023\/04\/soderpointti-1-1024x685.jpg","datePublished":"2023-04-25T09:38:35+00:00","dateModified":"2025-04-09T09:01:54+00:00","inLanguage":"sv-SE","potentialAction":[{"@type":"ReadAction","target":["https:\/\/www.soderkullanapteekki.fi\/sv\/soderpointti\/"]}]},{"@type":"ImageObject","inLanguage":"sv-SE","@id":"https:\/\/www.soderkullanapteekki.fi\/sv\/soderpointti\/#primaryimage","url":"https:\/\/www.soderkullanapteekki.fi\/wp-content\/uploads\/2023\/04\/soderpointti-1-1024x685.jpg","contentUrl":"https:\/\/www.soderkullanapteekki.fi\/wp-content\/uploads\/2023\/04\/soderpointti-1-1024x685.jpg"},{"@type":"WebSite","@id":"https:\/\/www.soderkullanapteekki.fi\/sv\/#website","url":"https:\/\/www.soderkullanapteekki.fi\/sv\/","name":"S\u00f6derkullan apteekki","description":"","publisher":{"@id":"https:\/\/www.soderkullanapteekki.fi\/sv\/#organization"},"potentialAction":[{"@type":"SearchAction","target":{"@type":"EntryPoint","urlTemplate":"https:\/\/www.soderkullanapteekki.fi\/sv\/?s={search_term_string}"},"query-input":{"@type":"PropertyValueSpecification","valueRequired":true,"valueName":"search_term_string"}}],"inLanguage":"sv-SE"},{"@type":"Organization","@id":"https:\/\/www.soderkullanapteekki.fi\/sv\/#organization","name":"S\u00f6derkullan apteekki","url":"https:\/\/www.soderkullanapteekki.fi\/sv\/","logo":{"@type":"ImageObject","inLanguage":"sv-SE","@id":"https:\/\/www.soderkullanapteekki.fi\/sv\/#\/schema\/logo\/image\/","url":"https:\/\/karpalogroup.fi\/DNR\/soderkullan-apteekki\/wp-content\/uploads\/2022\/11\/Soderkullan_apteekki_logo.png","contentUrl":"https:\/\/karpalogroup.fi\/DNR\/soderkullan-apteekki\/wp-content\/uploads\/2022\/11\/Soderkullan_apteekki_logo.png","width":1571,"height":429,"caption":"S\u00f6derkullan apteekki"},"image":{"@id":"https:\/\/www.soderkullanapteekki.fi\/sv\/#\/schema\/logo\/image\/"},"sameAs":["https:\/\/www.facebook.com\/1607983189416394"]}]}},"_links":{"self":[{"href":"https:\/\/www.soderkullanapteekki.fi\/sv\/wp-json\/wp\/v2\/pages\/3885","targetHints":{"allow":["GET"]}}],"collection":[{"href":"https:\/\/www.soderkullanapteekki.fi\/sv\/wp-json\/wp\/v2\/pages"}],"about":[{"href":"https:\/\/www.soderkullanapteekki.fi\/sv\/wp-json\/wp\/v2\/types\/page"}],"author":[{"embeddable":true,"href":"https:\/\/www.soderkullanapteekki.fi\/sv\/wp-json\/wp\/v2\/users\/1"}],"replies":[{"embeddable":true,"href":"https:\/\/www.soderkullanapteekki.fi\/sv\/wp-json\/wp\/v2\/comments?post=3885"}],"version-history":[{"count":25,"href":"https:\/\/www.soderkullanapteekki.fi\/sv\/wp-json\/wp\/v2\/pages\/3885\/revisions"}],"predecessor-version":[{"id":4386,"href":"https:\/\/www.soderkullanapteekki.fi\/sv\/wp-json\/wp\/v2\/pages\/3885\/revisions\/4386"}],"wp:attachment":[{"href":"https:\/\/www.soderkullanapteekki.fi\/sv\/wp-json\/wp\/v2\/media?parent=3885"}],"curies":[{"name":"wp","href":"https:\/\/api.w.org\/{rel}","templated":true}]}}