{"id":2524,"date":"2022-11-21T11:24:51","date_gmt":"2022-11-21T08:24:51","guid":{"rendered":"https:\/\/karpalogroup.fi\/DNR\/soderkullan-apteekki\/?page_id=2524"},"modified":"2024-01-09T14:24:23","modified_gmt":"2024-01-09T11:24:23","slug":"betjaning","status":"publish","type":"page","link":"https:\/\/www.soderkullanapteekki.fi\/sv\/betjaning\/","title":{"rendered":"Betj\u00e4ning"},"content":{"rendered":"\t\t<div data-elementor-type=\"wp-page\" data-elementor-id=\"2524\" class=\"elementor elementor-2524 elementor-2509\" data-elementor-post-type=\"page\">\n\t\t\t\t<div class=\"elementor-element elementor-element-0b12419 elementor-hidden-mobile_extra elementor-hidden-mobile e-flex e-con-boxed e-con e-parent\" data-id=\"0b12419\" data-element_type=\"container\" data-e-type=\"container\">\n\t\t\t\t\t<div class=\"e-con-inner\">\n\t\t\t\t<div class=\"elementor-element elementor-element-44dacc0 elementor-align-center elementor-widget elementor-widget-button\" data-id=\"44dacc0\" data-element_type=\"widget\" data-e-type=\"widget\" data-widget_type=\"button.default\">\n\t\t\t\t<div class=\"elementor-widget-container\">\n\t\t\t\t\t\t\t\t\t<div class=\"elementor-button-wrapper\">\n\t\t\t\t\t<a class=\"elementor-button elementor-button-link elementor-size-sm\" href=\"#nyckelkund\">\n\t\t\t\t\t\t<span class=\"elementor-button-content-wrapper\">\n\t\t\t\t\t\t\t\t\t<span class=\"elementor-button-text\">Avainkund\u200b<\/span>\n\t\t\t\t\t<\/span>\n\t\t\t\t\t<\/a>\n\t\t\t\t<\/div>\n\t\t\t\t\t\t\t\t<\/div>\n\t\t\t\t<\/div>\n\t\t\t\t<div class=\"elementor-element elementor-element-5966882 elementor-align-center elementor-widget elementor-widget-button\" data-id=\"5966882\" data-element_type=\"widget\" data-e-type=\"widget\" data-widget_type=\"button.default\">\n\t\t\t\t<div class=\"elementor-widget-container\">\n\t\t\t\t\t\t\t\t\t<div class=\"elementor-button-wrapper\">\n\t\t\t\t\t<a class=\"elementor-button elementor-button-link elementor-size-sm\" href=\"#dosdispensering\">\n\t\t\t\t\t\t<span class=\"elementor-button-content-wrapper\">\n\t\t\t\t\t\t\t\t\t<span class=\"elementor-button-text\">Dosdispensering<\/span>\n\t\t\t\t\t<\/span>\n\t\t\t\t\t<\/a>\n\t\t\t\t<\/div>\n\t\t\t\t\t\t\t\t<\/div>\n\t\t\t\t<\/div>\n\t\t\t\t<div class=\"elementor-element elementor-element-232dfc7 elementor-widget elementor-widget-button\" data-id=\"232dfc7\" data-element_type=\"widget\" data-e-type=\"widget\" data-widget_type=\"button.default\">\n\t\t\t\t<div class=\"elementor-widget-container\">\n\t\t\t\t\t\t\t\t\t<div class=\"elementor-button-wrapper\">\n\t\t\t\t\t<a class=\"elementor-button elementor-button-link elementor-size-sm\" href=\"#aterlamning-mediciner\">\n\t\t\t\t\t\t<span class=\"elementor-button-content-wrapper\">\n\t\t\t\t\t\t\t\t\t<span class=\"elementor-button-text\">\u00c5terl\u00e4mning av gamla mediciner<\/span>\n\t\t\t\t\t<\/span>\n\t\t\t\t\t<\/a>\n\t\t\t\t<\/div>\n\t\t\t\t\t\t\t\t<\/div>\n\t\t\t\t<\/div>\n\t\t\t\t\t<\/div>\n\t\t\t\t<\/div>\n\t\t<div class=\"elementor-element elementor-element-c6ab325 nyckelkund e-flex e-con-boxed e-con e-parent\" data-id=\"c6ab325\" data-element_type=\"container\" data-e-type=\"container\" data-settings=\"{&quot;background_background&quot;:&quot;classic&quot;}\">\n\t\t\t\t\t<div class=\"e-con-inner\">\n\t\t\t\t<div class=\"elementor-element elementor-element-6bba2ec elementor-widget elementor-widget-heading\" data-id=\"6bba2ec\" data-element_type=\"widget\" data-e-type=\"widget\" data-widget_type=\"heading.default\">\n\t\t\t\t<div class=\"elementor-widget-container\">\n\t\t\t\t\t<h2 class=\"elementor-heading-title elementor-size-default\">Avainkund<\/h2>\t\t\t\t<\/div>\n\t\t\t\t<\/div>\n\t\t\t\t<div class=\"elementor-element elementor-element-1244ef7 elementor-widget elementor-widget-text-editor\" data-id=\"1244ef7\" data-element_type=\"widget\" data-e-type=\"widget\" data-widget_type=\"text-editor.default\">\n\t\t\t\t<div class=\"elementor-widget-container\">\n\t\t\t\t\t\t\t\t\t<p>Att bli avainkund \u00e4r gratis. Du kan bli avainkund genom att bes\u00f6ka v\u00e5rt apotek.<\/p>\t\t\t\t\t\t\t\t<\/div>\n\t\t\t\t<\/div>\n\t\t<div class=\"elementor-element elementor-element-3358b09 e-flex e-con-boxed e-con e-parent\" data-id=\"3358b09\" data-element_type=\"container\" data-e-type=\"container\" data-settings=\"{&quot;background_background&quot;:&quot;classic&quot;}\">\n\t\t\t\t\t<div class=\"e-con-inner\">\n\t\t\t\t<div data-dce-text-color=\"#54595F\" data-dce-advanced-background-color=\"#FAFAFA\" class=\"elementor-element elementor-element-e8de2b9 elementor-widget__width-initial elementor-widget-tablet__width-inherit elementor-widget-mobile_extra__width-inherit elementor-widget elementor-widget-text-editor\" data-id=\"e8de2b9\" data-element_type=\"widget\" data-e-type=\"widget\" data-widget_type=\"text-editor.default\">\n\t\t\t\t<div class=\"elementor-widget-container\">\n\t\t\t\t\t\t\t\t\t<h3><span style=\"color: #f59c00\">F\u00f6rdelar<\/span><\/h3><p>Som avainkund r\u00e4knas summan f\u00f6r alla receptfria ink\u00f6p p\u00e5 v\u00e5rt apotek till godo i din \u00e5rliga k\u00f6psumma, och du f\u00e5r direkt rabatt i kassan p\u00e5 de produkter som inte klassificeras som l\u00e4kemedel. Dessa produkter \u00e4r t.ex kosmetik, bassalvor, m\u00e5nga vitaminer och fiskoljepreparat, munv\u00e5rdsprodukter, s\u00e5rv\u00e5rdsprodukter och mycket annat. Rabatten f\u00e5r du endast i ditt eget avainapotek.<\/p>\t\t\t\t\t\t\t\t<\/div>\n\t\t\t\t<\/div>\n\t\t\t\t<div class=\"elementor-element elementor-element-7892254 elementor-widget__width-initial elementor-widget-mobile_extra__width-inherit elementor-widget elementor-widget-text-editor\" data-id=\"7892254\" data-element_type=\"widget\" data-e-type=\"widget\" data-widget_type=\"text-editor.default\">\n\t\t\t\t<div class=\"elementor-widget-container\">\n\t\t\t\t\t\t\t\t\t<h3><span style=\"color: #f59c00\">Avainerbjudanden<\/span><\/h3><p>Avainerbjudanden byts ut varje m\u00e5nad och dessa kan du ta del av varje g\u00e5ng du bes\u00f6ker v\u00e5rt apotek. Du f\u00e5r kvalitetsprodukter till ett f\u00f6rm\u00e5nligt avainpris. Dessa erbjudanden kan du\u00a0 utnyttja i alla Finlands Avainapotek. Du beh\u00f6ver inte bli avainkund f\u00f6r att utnyttja avainerbjudanden.<\/p>\t\t\t\t\t\t\t\t<\/div>\n\t\t\t\t<\/div>\n\t\t\t\t<div class=\"elementor-element elementor-element-a6364e6 elementor-widget__width-initial elementor-widget-mobile_extra__width-inherit elementor-widget elementor-widget-text-editor\" data-id=\"a6364e6\" data-element_type=\"widget\" data-e-type=\"widget\" data-widget_type=\"text-editor.default\">\n\t\t\t\t<div class=\"elementor-widget-container\">\n\t\t\t\t\t\t\t\t\t<h3><span style=\"color: #f59c00\">Avainapteekit-tidningen<\/span><\/h3>\n<p>Avainapteekit \u00e4r Avainapotekens kundtidning som utkommer sex g\u00e5nger om \u00e5ret. I tidningen behandlas artiklar som ber\u00f6r h\u00e4lsa, n\u00e4ring och v\u00e4lm\u00e5ende med Avainapotekens expertis. Dessutom hittar du p\u00e5g\u00e5ende och f\u00f6ljande m\u00e5nads avainerbjudanden i tidningen. H\u00e4mta din egen Avainapteekit-tidning hos oss.<\/p>\t\t\t\t\t\t\t\t<\/div>\n\t\t\t\t<\/div>\n\t\t\t\t\t<\/div>\n\t\t\t\t<\/div>\n\t\t\t\t\t<\/div>\n\t\t\t\t<\/div>\n\t\t<div class=\"elementor-element elementor-element-2c69365 dosdispensering e-flex e-con-boxed e-con e-parent\" data-id=\"2c69365\" data-element_type=\"container\" data-e-type=\"container\" data-settings=\"{&quot;background_background&quot;:&quot;classic&quot;}\">\n\t\t\t\t\t<div class=\"e-con-inner\">\n\t\t<div class=\"elementor-element elementor-element-659fd1d e-con-full e-flex e-con e-parent\" data-id=\"659fd1d\" data-element_type=\"container\" data-e-type=\"container\">\n\t\t\t\t<div data-dce-title-color=\"#FFFFFF\" class=\"elementor-element elementor-element-13e87ab elementor-widget elementor-widget-heading\" data-id=\"13e87ab\" data-element_type=\"widget\" data-e-type=\"widget\" data-widget_type=\"heading.default\">\n\t\t\t\t<div class=\"elementor-widget-container\">\n\t\t\t\t\t<h2 class=\"elementor-heading-title elementor-size-default\">Dosdispensering<\/h2>\t\t\t\t<\/div>\n\t\t\t\t<\/div>\n\t\t\t\t<div class=\"elementor-element elementor-element-a76d53a elementor-widget elementor-widget-text-editor\" data-id=\"a76d53a\" data-element_type=\"widget\" data-e-type=\"widget\" data-widget_type=\"text-editor.default\">\n\t\t\t\t<div class=\"elementor-widget-container\">\n\t\t\t\t\t\t\t\t\t<p>Vi levererar l\u00e4kemedel ocks\u00e5 dosdispenserade.<\/p><p>Med hj\u00e4lp av den maskinella dosdispenseringen uppdelas l\u00e4kemedlen i f\u00e4rdiga dagsdoser f\u00f6r tv\u00e5 veckor. Det \u00e4r l\u00e4ttare att komma ih\u00e5g sina mediciner d\u00e5 de \u00e4r uppdelade i doseringsp\u00e5sar, speciellt d\u00e5 man anv\u00e4nder m\u00e5nga olika l\u00e4kemedel.<\/p><p>F\u00f6re p\u00e5b\u00f6rjandet av dosdispensering granskas kundens hela medicinering tillsammans med l\u00e4karen. P\u00e5 detta vis kan man f\u00f6rs\u00e4kra sig \u00f6ver att mediciner, utskrivna vid olika tidpunkter och mot olika symptom inte \u00e4r sinsemellan of\u00f6renliga, eller ocks\u00e5 avskaffa eventuellt on\u00f6diga mediciner fr\u00e5n medicineringen.<\/p><p>M\u00e4ngden av l\u00e4kemedelf\u00f6rlust minskar tack vare dosdispenseringen d\u00e5 l\u00e4kemedlen k\u00f6ps in f\u00f6r bara tv\u00e5 veckor \u00e5t g\u00e5ngen. I fall att l\u00e4kemedlet av n\u00e5gon anledning inte visar sig passligt f\u00f6r kunden och m\u00e5ste bytas ut, blir kunden inte med oanv\u00e4nda l\u00e4kemedel. Detta resulterar i besparningar \u00e4ven f\u00f6r kunden.<\/p>\t\t\t\t\t\t\t\t<\/div>\n\t\t\t\t<\/div>\n\t\t\t\t<\/div>\n\t\t<div data-dce-background-image-url=\"https:\/\/www.soderkullanapteekki.fi\/wp-content\/uploads\/2023\/03\/iStock-1095333226-e1677843590450.jpg\" class=\"elementor-element elementor-element-8e757c7 e-con-full e-flex e-con e-parent\" data-id=\"8e757c7\" data-element_type=\"container\" data-e-type=\"container\" data-settings=\"{&quot;background_background&quot;:&quot;classic&quot;}\">\n\t\t\t\t<\/div>\n\t\t\t\t\t<\/div>\n\t\t\t\t<\/div>\n\t\t<div class=\"elementor-element elementor-element-b3cc883 aterlamning-mediciner e-flex e-con-boxed e-con e-parent\" data-id=\"b3cc883\" data-element_type=\"container\" data-e-type=\"container\" data-settings=\"{&quot;background_background&quot;:&quot;classic&quot;}\">\n\t\t\t\t\t<div class=\"e-con-inner\">\n\t\t<div data-dce-background-image-url=\"https:\/\/www.soderkullanapteekki.fi\/wp-content\/uploads\/2023\/03\/20230203_Soderkullan_Apteekki_020-scaled-e1677762706756.jpg\" class=\"elementor-element elementor-element-e9fe54f e-con-full e-flex e-con e-parent\" data-id=\"e9fe54f\" data-element_type=\"container\" data-e-type=\"container\" data-settings=\"{&quot;background_background&quot;:&quot;classic&quot;}\">\n\t\t\t\t<\/div>\n\t\t<div class=\"elementor-element elementor-element-5a8b760 e-con-full e-flex e-con e-parent\" data-id=\"5a8b760\" data-element_type=\"container\" data-e-type=\"container\">\n\t\t\t\t<div class=\"elementor-element elementor-element-23a7572 elementor-widget elementor-widget-heading\" data-id=\"23a7572\" data-element_type=\"widget\" data-e-type=\"widget\" data-widget_type=\"heading.default\">\n\t\t\t\t<div class=\"elementor-widget-container\">\n\t\t\t\t\t<h2 class=\"elementor-heading-title elementor-size-default\">Gamla mediciner kan returneras till apoteket<\/h2>\t\t\t\t<\/div>\n\t\t\t\t<\/div>\n\t\t\t\t<div class=\"elementor-element elementor-element-dfd5734 elementor-widget elementor-widget-text-editor\" data-id=\"dfd5734\" data-element_type=\"widget\" data-e-type=\"widget\" data-widget_type=\"text-editor.default\">\n\t\t\t\t<div class=\"elementor-widget-container\">\n\t\t\t\t\t\t\t\t\t<p>F\u00f6r\u00e5ldrade mediciner och kvicksilvertermometrar inneh\u00e5ller skadliga \u00e4mnen som inte f\u00e5r l\u00e4ggas i ett vanligt blandavfallsk\u00e4rl eller i avloppet. Hemmets l\u00e4kemedelsavfall tas emot avgiftsfritt i alla apotek. V\u00e5rt apoteks l\u00e4kemedelsavfallsk\u00e4rl finns i vindf\u00e5nget, genast innanf\u00f6r ytterd\u00f6rren.<\/p>\n<ul>\n<li>L\u00e4kemedelstabletter och kapslar samt mediciner packade i tablettkartor l\u00e4ggs direkt i en plastp\u00e5se. Pappf\u00f6rpackningar och burkar avl\u00e4gsnas och sorteras i glas-, plast- och kartonginsamlingen.<\/li>\n<li>L\u00e4kemedel i flytande form och l\u00e4kemedelskr\u00e4mer returneras i sina originalf\u00f6rpackningar. Tomma plastf\u00f6rpackningar l\u00e4ggs i blandavfall.<\/li>\n<li>Anv\u00e4nda l\u00e4kemedelspl\u00e5strar returneras tillsammans med andra l\u00e4kemedelsavfall med limytorna ihopvikade.<\/li>\n<li>Jodhaltiga l\u00e4kemedel returneras i sina originalf\u00f6rpackningar och separat fr\u00e5n \u00f6vrigt medicinavfall. Jodhaltiga l\u00e4kemedel \u00e4r exempelvis Jodix, Betadine och Jodsprii.<\/li>\n<li>Man kan sj\u00e4lv packa in n\u00e5larna och sprutorna i en t\u00e4t och h\u00e5rd f\u00f6rpackning.<\/li>\n<li>Febertermometrar med kvicksilver packas i egen p\u00e5se separat fr\u00e5n \u00f6vrig l\u00e4kemedelsavfall. Digitala febertermometrar returneras till en insamlingspunkt f\u00f6r elapparater p\u00e5 avfallsstationen eller till butiker. Febertermometrar utan kvicksilver kan sl\u00e4ngas i blandavfallsk\u00e4rlet.<\/li>\n<li>I l\u00e4kemedelsavfallet f\u00e5r inte finnas annat avfall, s\u00e5 som exempelvis f\u00f6rbandsmaterial, n\u00e4ringstillskott, tv\u00e4ttmedel, l\u00f6sningsmedel eller batterier. Avl\u00e4gsna patientuppgifterna fr\u00e5n f\u00f6rpackningarna av integritetsskyddssk\u00e4l.<\/li>\n<\/ul>\t\t\t\t\t\t\t\t<\/div>\n\t\t\t\t<\/div>\n\t\t\t\t<\/div>\n\t\t\t\t\t<\/div>\n\t\t\t\t<\/div>\n\t\t\t\t<\/div>\n\t\t","protected":false},"excerpt":{"rendered":"<p>Avainkund\u200b Dosdispensering \u00c5terl\u00e4mning av gamla mediciner Avainkund Att bli avainkund \u00e4r gratis. Du kan bli avainkund genom att bes\u00f6ka v\u00e5rt apotek. F\u00f6rdelar Som avainkund r\u00e4knas summan f\u00f6r alla receptfria ink\u00f6p p\u00e5 v\u00e5rt apotek till godo i din \u00e5rliga k\u00f6psumma, och du f\u00e5r direkt rabatt i kassan p\u00e5 de produkter som inte klassificeras som l\u00e4kemedel. Dessa [&hellip;]<\/p>\n","protected":false},"author":1,"featured_media":0,"parent":0,"menu_order":0,"comment_status":"closed","ping_status":"closed","template":"","meta":{"_acf_changed":false,"footnotes":""},"class_list":["post-2524","page","type-page","status-publish","hentry"],"acf":[],"yoast_head":"<!-- This site is optimized with the Yoast SEO plugin v26.9 - https:\/\/yoast.com\/product\/yoast-seo-wordpress\/ -->\n<title>Betj\u00e4ning &#8212; S\u00f6derkullan apteekki<\/title>\n<meta name=\"robots\" content=\"index, follow, max-snippet:-1, max-image-preview:large, max-video-preview:-1\" \/>\n<link rel=\"canonical\" href=\"https:\/\/www.soderkullanapteekki.fi\/sv\/betjaning\/\" \/>\n<meta property=\"og:locale\" content=\"sv_SE\" \/>\n<meta property=\"og:type\" content=\"article\" \/>\n<meta property=\"og:title\" content=\"Betj\u00e4ning &#8212; S\u00f6derkullan apteekki\" \/>\n<meta property=\"og:description\" content=\"Avainkund\u200b Dosdispensering \u00c5terl\u00e4mning av gamla mediciner Avainkund Att bli avainkund \u00e4r gratis. Du kan bli avainkund genom att bes\u00f6ka v\u00e5rt apotek. F\u00f6rdelar Som avainkund r\u00e4knas summan f\u00f6r alla receptfria ink\u00f6p p\u00e5 v\u00e5rt apotek till godo i din \u00e5rliga k\u00f6psumma, och du f\u00e5r direkt rabatt i kassan p\u00e5 de produkter som inte klassificeras som l\u00e4kemedel. Dessa [&hellip;]\" \/>\n<meta property=\"og:url\" content=\"https:\/\/www.soderkullanapteekki.fi\/sv\/betjaning\/\" \/>\n<meta property=\"og:site_name\" content=\"S\u00f6derkullan apteekki\" \/>\n<meta property=\"article:publisher\" content=\"https:\/\/www.facebook.com\/1607983189416394\" \/>\n<meta property=\"article:modified_time\" content=\"2024-01-09T11:24:23+00:00\" \/>\n<meta property=\"og:image\" content=\"https:\/\/www.soderkullanapteekki.fi\/wp-content\/uploads\/2022\/11\/Soderkullan_apteekki_logo.png\" \/>\n\t<meta property=\"og:image:width\" content=\"1571\" \/>\n\t<meta property=\"og:image:height\" content=\"429\" \/>\n\t<meta property=\"og:image:type\" content=\"image\/png\" \/>\n<meta name=\"twitter:card\" content=\"summary_large_image\" \/>\n<meta name=\"twitter:label1\" content=\"Ber\u00e4knad l\u00e4stid\" \/>\n\t<meta name=\"twitter:data1\" content=\"3 minuter\" \/>\n<script type=\"application\/ld+json\" class=\"yoast-schema-graph\">{\"@context\":\"https:\/\/schema.org\",\"@graph\":[{\"@type\":\"WebPage\",\"@id\":\"https:\/\/www.soderkullanapteekki.fi\/sv\/betjaning\/\",\"url\":\"https:\/\/www.soderkullanapteekki.fi\/sv\/betjaning\/\",\"name\":\"Betj\u00e4ning &#8212; S\u00f6derkullan apteekki\",\"isPartOf\":{\"@id\":\"https:\/\/www.soderkullanapteekki.fi\/sv\/#website\"},\"datePublished\":\"2022-11-21T08:24:51+00:00\",\"dateModified\":\"2024-01-09T11:24:23+00:00\",\"inLanguage\":\"sv-SE\",\"potentialAction\":[{\"@type\":\"ReadAction\",\"target\":[\"https:\/\/www.soderkullanapteekki.fi\/sv\/betjaning\/\"]}]},{\"@type\":\"WebSite\",\"@id\":\"https:\/\/www.soderkullanapteekki.fi\/sv\/#website\",\"url\":\"https:\/\/www.soderkullanapteekki.fi\/sv\/\",\"name\":\"S\u00f6derkullan apteekki\",\"description\":\"\",\"publisher\":{\"@id\":\"https:\/\/www.soderkullanapteekki.fi\/sv\/#organization\"},\"potentialAction\":[{\"@type\":\"SearchAction\",\"target\":{\"@type\":\"EntryPoint\",\"urlTemplate\":\"https:\/\/www.soderkullanapteekki.fi\/sv\/?s={search_term_string}\"},\"query-input\":{\"@type\":\"PropertyValueSpecification\",\"valueRequired\":true,\"valueName\":\"search_term_string\"}}],\"inLanguage\":\"sv-SE\"},{\"@type\":\"Organization\",\"@id\":\"https:\/\/www.soderkullanapteekki.fi\/sv\/#organization\",\"name\":\"S\u00f6derkullan apteekki\",\"url\":\"https:\/\/www.soderkullanapteekki.fi\/sv\/\",\"logo\":{\"@type\":\"ImageObject\",\"inLanguage\":\"sv-SE\",\"@id\":\"https:\/\/www.soderkullanapteekki.fi\/sv\/#\/schema\/logo\/image\/\",\"url\":\"https:\/\/karpalogroup.fi\/DNR\/soderkullan-apteekki\/wp-content\/uploads\/2022\/11\/Soderkullan_apteekki_logo.png\",\"contentUrl\":\"https:\/\/karpalogroup.fi\/DNR\/soderkullan-apteekki\/wp-content\/uploads\/2022\/11\/Soderkullan_apteekki_logo.png\",\"width\":1571,\"height\":429,\"caption\":\"S\u00f6derkullan apteekki\"},\"image\":{\"@id\":\"https:\/\/www.soderkullanapteekki.fi\/sv\/#\/schema\/logo\/image\/\"},\"sameAs\":[\"https:\/\/www.facebook.com\/1607983189416394\"]}]}<\/script>\n<!-- \/ Yoast SEO plugin. -->","yoast_head_json":{"title":"Betj\u00e4ning &#8212; S\u00f6derkullan apteekki","robots":{"index":"index","follow":"follow","max-snippet":"max-snippet:-1","max-image-preview":"max-image-preview:large","max-video-preview":"max-video-preview:-1"},"canonical":"https:\/\/www.soderkullanapteekki.fi\/sv\/betjaning\/","og_locale":"sv_SE","og_type":"article","og_title":"Betj\u00e4ning &#8212; S\u00f6derkullan apteekki","og_description":"Avainkund\u200b Dosdispensering \u00c5terl\u00e4mning av gamla mediciner Avainkund Att bli avainkund \u00e4r gratis. Du kan bli avainkund genom att bes\u00f6ka v\u00e5rt apotek. F\u00f6rdelar Som avainkund r\u00e4knas summan f\u00f6r alla receptfria ink\u00f6p p\u00e5 v\u00e5rt apotek till godo i din \u00e5rliga k\u00f6psumma, och du f\u00e5r direkt rabatt i kassan p\u00e5 de produkter som inte klassificeras som l\u00e4kemedel. Dessa [&hellip;]","og_url":"https:\/\/www.soderkullanapteekki.fi\/sv\/betjaning\/","og_site_name":"S\u00f6derkullan apteekki","article_publisher":"https:\/\/www.facebook.com\/1607983189416394","article_modified_time":"2024-01-09T11:24:23+00:00","og_image":[{"width":1571,"height":429,"url":"https:\/\/www.soderkullanapteekki.fi\/wp-content\/uploads\/2022\/11\/Soderkullan_apteekki_logo.png","type":"image\/png"}],"twitter_card":"summary_large_image","twitter_misc":{"Ber\u00e4knad l\u00e4stid":"3 minuter"},"schema":{"@context":"https:\/\/schema.org","@graph":[{"@type":"WebPage","@id":"https:\/\/www.soderkullanapteekki.fi\/sv\/betjaning\/","url":"https:\/\/www.soderkullanapteekki.fi\/sv\/betjaning\/","name":"Betj\u00e4ning &#8212; S\u00f6derkullan apteekki","isPartOf":{"@id":"https:\/\/www.soderkullanapteekki.fi\/sv\/#website"},"datePublished":"2022-11-21T08:24:51+00:00","dateModified":"2024-01-09T11:24:23+00:00","inLanguage":"sv-SE","potentialAction":[{"@type":"ReadAction","target":["https:\/\/www.soderkullanapteekki.fi\/sv\/betjaning\/"]}]},{"@type":"WebSite","@id":"https:\/\/www.soderkullanapteekki.fi\/sv\/#website","url":"https:\/\/www.soderkullanapteekki.fi\/sv\/","name":"S\u00f6derkullan apteekki","description":"","publisher":{"@id":"https:\/\/www.soderkullanapteekki.fi\/sv\/#organization"},"potentialAction":[{"@type":"SearchAction","target":{"@type":"EntryPoint","urlTemplate":"https:\/\/www.soderkullanapteekki.fi\/sv\/?s={search_term_string}"},"query-input":{"@type":"PropertyValueSpecification","valueRequired":true,"valueName":"search_term_string"}}],"inLanguage":"sv-SE"},{"@type":"Organization","@id":"https:\/\/www.soderkullanapteekki.fi\/sv\/#organization","name":"S\u00f6derkullan apteekki","url":"https:\/\/www.soderkullanapteekki.fi\/sv\/","logo":{"@type":"ImageObject","inLanguage":"sv-SE","@id":"https:\/\/www.soderkullanapteekki.fi\/sv\/#\/schema\/logo\/image\/","url":"https:\/\/karpalogroup.fi\/DNR\/soderkullan-apteekki\/wp-content\/uploads\/2022\/11\/Soderkullan_apteekki_logo.png","contentUrl":"https:\/\/karpalogroup.fi\/DNR\/soderkullan-apteekki\/wp-content\/uploads\/2022\/11\/Soderkullan_apteekki_logo.png","width":1571,"height":429,"caption":"S\u00f6derkullan apteekki"},"image":{"@id":"https:\/\/www.soderkullanapteekki.fi\/sv\/#\/schema\/logo\/image\/"},"sameAs":["https:\/\/www.facebook.com\/1607983189416394"]}]}},"_links":{"self":[{"href":"https:\/\/www.soderkullanapteekki.fi\/sv\/wp-json\/wp\/v2\/pages\/2524","targetHints":{"allow":["GET"]}}],"collection":[{"href":"https:\/\/www.soderkullanapteekki.fi\/sv\/wp-json\/wp\/v2\/pages"}],"about":[{"href":"https:\/\/www.soderkullanapteekki.fi\/sv\/wp-json\/wp\/v2\/types\/page"}],"author":[{"embeddable":true,"href":"https:\/\/www.soderkullanapteekki.fi\/sv\/wp-json\/wp\/v2\/users\/1"}],"replies":[{"embeddable":true,"href":"https:\/\/www.soderkullanapteekki.fi\/sv\/wp-json\/wp\/v2\/comments?post=2524"}],"version-history":[{"count":41,"href":"https:\/\/www.soderkullanapteekki.fi\/sv\/wp-json\/wp\/v2\/pages\/2524\/revisions"}],"predecessor-version":[{"id":4315,"href":"https:\/\/www.soderkullanapteekki.fi\/sv\/wp-json\/wp\/v2\/pages\/2524\/revisions\/4315"}],"wp:attachment":[{"href":"https:\/\/www.soderkullanapteekki.fi\/sv\/wp-json\/wp\/v2\/media?parent=2524"}],"curies":[{"name":"wp","href":"https:\/\/api.w.org\/{rel}","templated":true}]}}